{"id":741,"date":"2023-09-11T17:07:52","date_gmt":"2023-09-11T17:07:52","guid":{"rendered":"https:\/\/pulse-edge.com\/?page_id=741"},"modified":"2023-09-11T17:10:58","modified_gmt":"2023-09-11T17:10:58","slug":"politica-de-devoluciones","status":"publish","type":"page","link":"https:\/\/pulse-edge.com\/en\/return-policy\/","title":{"rendered":"Return policy"},"content":{"rendered":"<div data-elementor-type=\"wp-page\" data-elementor-id=\"741\" class=\"elementor elementor-741\" data-elementor-post-type=\"page\">\n\t\t\t\t\t\t<section class=\"elementor-section elementor-top-section elementor-element elementor-element-7b2159b elementor-section-boxed elementor-section-height-default elementor-section-height-default\" data-id=\"7b2159b\" data-element_type=\"section\" data-settings=\"{&quot;background_background&quot;:&quot;classic&quot;}\">\n\t\t\t\t\t\t<div class=\"elementor-container elementor-column-gap-default\">\n\t\t\t\t\t<div class=\"elementor-column elementor-col-100 elementor-top-column elementor-element elementor-element-1660052\" data-id=\"1660052\" data-element_type=\"column\">\n\t\t\t<div class=\"elementor-widget-wrap elementor-element-populated\">\n\t\t\t\t\t\t<div class=\"elementor-element elementor-element-05a950d elementor-invisible elementor-widget elementor-widget-heading\" data-id=\"05a950d\" data-element_type=\"widget\" data-settings=\"{&quot;_animation&quot;:&quot;fadeInLeft&quot;}\" data-widget_type=\"heading.default\">\n\t\t\t\t<div class=\"elementor-widget-container\">\n\t\t\t\t\t<h2 class=\"elementor-heading-title elementor-size-default\">Return policy<\/h2>\t\t\t\t<\/div>\n\t\t\t\t<\/div>\n\t\t\t\t\t<\/div>\n\t\t<\/div>\n\t\t\t\t\t<\/div>\n\t\t<\/section>\n\t\t\t\t<section class=\"elementor-section elementor-top-section elementor-element elementor-element-d8e70d8 elementor-section-boxed elementor-section-height-default elementor-section-height-default\" data-id=\"d8e70d8\" data-element_type=\"section\">\n\t\t\t\t\t\t<div class=\"elementor-container elementor-column-gap-default\">\n\t\t\t\t\t<div class=\"elementor-column elementor-col-100 elementor-top-column elementor-element elementor-element-5b5b153\" data-id=\"5b5b153\" data-element_type=\"column\">\n\t\t\t<div class=\"elementor-widget-wrap elementor-element-populated\">\n\t\t\t\t\t\t<section class=\"elementor-section elementor-inner-section elementor-element elementor-element-77f28de elementor-section-boxed elementor-section-height-default elementor-section-height-default\" data-id=\"77f28de\" data-element_type=\"section\">\n\t\t\t\t\t\t<div class=\"elementor-container elementor-column-gap-no\">\n\t\t\t\t\t<div class=\"elementor-column elementor-col-100 elementor-inner-column elementor-element elementor-element-5ba4e0e elementor-invisible\" data-id=\"5ba4e0e\" data-element_type=\"column\" data-settings=\"{&quot;animation&quot;:&quot;fadeIn&quot;}\">\n\t\t\t<div class=\"elementor-widget-wrap elementor-element-populated\">\n\t\t\t\t\t\t<div class=\"elementor-element elementor-element-a170d31 elementor-widget__width-initial elementor-invisible elementor-widget elementor-widget-heading\" data-id=\"a170d31\" data-element_type=\"widget\" data-settings=\"{&quot;_animation&quot;:&quot;fadeInRight&quot;}\" data-widget_type=\"heading.default\">\n\t\t\t\t<div class=\"elementor-widget-container\">\n\t\t\t\t\t<h2 class=\"elementor-heading-title elementor-size-default\">Pulse Edge: <\/h2>\t\t\t\t<\/div>\n\t\t\t\t<\/div>\n\t\t\t\t<div class=\"elementor-element elementor-element-7fa0ff0 elementor-widget elementor-widget-text-editor\" data-id=\"7fa0ff0\" data-element_type=\"widget\" data-widget_type=\"text-editor.default\">\n\t\t\t\t<div class=\"elementor-widget-container\">\n\t\t\t\t\t\t\t\t\t<p>Last update: August 13th, 2023.<\/p><p>The general terms apply to all services eligible for reimbursement. In addition, there may be special terms that apply to a specific service and are described on the website.<\/p><p>In no case is the same service eligible for more than one refund.<\/p><p>No refund will be issued if your service(s) are suspended or cancelled due to causes beyond our control.<\/p><p>If the services purchased are part of a promotion and you cancel the services purchased, the standard price will be deducted from the refund amount. If the refund amount is less than the standard price, you must pay the difference.<\/p><p>All refunds are processed in U.S. dollars: you, the customer, are solely responsible for any fluctuations in exchange rates between the time of payment and the time of refund.<\/p><p>Unless you request otherwise, refunds will be credited to your PULSE EDGE account balance.<\/p><p>Any processing fees will be deducted from your refund.<\/p><p>Additional refund requirements may apply depending on the specific terms and conditions you are notified of when you purchase any services.<\/p><p>In the event of any plan upgrade or downgrade, your account or card may be automatically charged the new plan fee beginning with the next billing cycle.<\/p><p>Downgrading your service may result in the loss of content, features or capacity of your account. PULSE EDGE accepts no responsibility for such losses.<\/p><p>You should carefully read and understand all terms and conditions, refund, and cancellation policies, among others, to understand our services and capabilities and the terms of our existing and potential business partnerships and packages we offer.<\/p><p>Exception may be made in special cases such as:<\/p><p>If payment is made in error while browsing the website or for any other reason, please contact us stating your order number and details of the product or service via email. We will contact you and try to resolve the problem as soon as possible.<\/p><p>If the order is not accepted by us.<\/p><p>Any other reason at the discretion of our company.<\/p><p><strong>Cancellation and Termination:<\/strong><\/p><p>The account owner is the only person who can cancel an account. You are solely responsible for properly canceling your account. No cancellation requests will be accepted by email, phone, or contact. Please ensure that cancellation requests are made only through the online control panel.<\/p><p>Account cancellations usually take 2-3 business days to process. Once the account is cancelled, all account information will be permanently deleted. You will not be charged again after the official cancellation date.<\/p><p>PULSE EDGE, in its sole discretion, has the right to suspend or terminate your account and refuse any and all current or future use of the service, or any other PULSE EDGE service, for any reason, at any time. Such termination of service will result in the deactivation or deletion of your Account or access to your Account, and the forfeiture and relinquishment of all content in your Account. PULSE EDGE reserves the right to refuse service to anyone for any reason at any time.<\/p><p>Our refund policy may change from time to time. We ask that you review it frequently. Your continued use of any of our services will constitute acceptance of the Refund Policy at that time.<\/p><p>If the customer has any dissatisfaction with the service received, he\/she should notify PULSE EDGE via email discussing his\/her situation. PULSE EDGE has a maximum of 15 days to review the case and respond to the customer.<\/p><p>If a refund is applicable to the client, the company has a period of 30 working days to make the refund by the same means by which the payment of the purchased service was made.<\/p><p>The company will refund the customer, with the exception of the expenses incurred to provide the service.<\/p><p>Contact<\/p><p>Address: Panama City, Bethania, Ricardo J. Alfaro Ave., Century Tower, Floor 18, Office 18-01.<\/p><p>E-mail: info@pulse-edge.com<\/p>\t\t\t\t\t\t\t\t<\/div>\n\t\t\t\t<\/div>\n\t\t\t\t<div class=\"elementor-element elementor-element-be925cc elementor-align-left elementor-invisible elementor-widget elementor-widget-button\" data-id=\"be925cc\" data-element_type=\"widget\" data-settings=\"{&quot;_animation&quot;:&quot;fadeInRight&quot;}\" data-widget_type=\"button.default\">\n\t\t\t\t<div class=\"elementor-widget-container\">\n\t\t\t\t\t\t\t\t\t<div class=\"elementor-button-wrapper\">\n\t\t\t\t\t<a class=\"elementor-button elementor-button-link elementor-size-sm elementor-animation-float\" href=\"https:\/\/pulse-edge.com\/en\/\">\n\t\t\t\t\t\t<span class=\"elementor-button-content-wrapper\">\n\t\t\t\t\t\t\t\t\t<span class=\"elementor-button-text\">Go to Home <\/span>\n\t\t\t\t\t<\/span>\n\t\t\t\t\t<\/a>\n\t\t\t\t<\/div>\n\t\t\t\t\t\t\t\t<\/div>\n\t\t\t\t<\/div>\n\t\t\t\t\t<\/div>\n\t\t<\/div>\n\t\t\t\t\t<\/div>\n\t\t<\/section>\n\t\t\t\t\t<\/div>\n\t\t<\/div>\n\t\t\t\t\t<\/div>\n\t\t<\/section>\n\t\t\t\t<\/div>","protected":false},"excerpt":{"rendered":"<p>POLITICA DE DEVOLUCIONES Pulse Edge: \u00daltima actualizaci\u00f3n: 13 de agosto del 2023. Los t\u00e9rminos generales se aplican a todos los servicios elegibles para reembolso. Adem\u00e1s, puede haber t\u00e9rminos especiales que se apliquen a un servicio espec\u00edfico y se describen a en e; dise\u00f1o. En ning\u00fan caso el mismo servicio es elegible para m\u00e1s de un [&hellip;]<\/p>","protected":false},"author":3,"featured_media":0,"parent":0,"menu_order":0,"comment_status":"closed","ping_status":"closed","template":"","meta":{"footnotes":""},"class_list":["post-741","page","type-page","status-publish","hentry"],"aioseo_notices":[],"_links":{"self":[{"href":"https:\/\/pulse-edge.com\/en\/wp-json\/wp\/v2\/pages\/741","targetHints":{"allow":["GET"]}}],"collection":[{"href":"https:\/\/pulse-edge.com\/en\/wp-json\/wp\/v2\/pages"}],"about":[{"href":"https:\/\/pulse-edge.com\/en\/wp-json\/wp\/v2\/types\/page"}],"author":[{"embeddable":true,"href":"https:\/\/pulse-edge.com\/en\/wp-json\/wp\/v2\/users\/3"}],"replies":[{"embeddable":true,"href":"https:\/\/pulse-edge.com\/en\/wp-json\/wp\/v2\/comments?post=741"}],"version-history":[{"count":4,"href":"https:\/\/pulse-edge.com\/en\/wp-json\/wp\/v2\/pages\/741\/revisions"}],"predecessor-version":[{"id":746,"href":"https:\/\/pulse-edge.com\/en\/wp-json\/wp\/v2\/pages\/741\/revisions\/746"}],"wp:attachment":[{"href":"https:\/\/pulse-edge.com\/en\/wp-json\/wp\/v2\/media?parent=741"}],"curies":[{"name":"wp","href":"https:\/\/api.w.org\/{rel}","templated":true}]}}