{"id":732,"date":"2023-09-11T16:54:30","date_gmt":"2023-09-11T16:54:30","guid":{"rendered":"https:\/\/pulse-edge.com\/?page_id=732"},"modified":"2023-09-11T17:52:16","modified_gmt":"2023-09-11T17:52:16","slug":"politica-de-privacidad","status":"publish","type":"page","link":"https:\/\/pulse-edge.com\/en\/privacy-policy\/","title":{"rendered":"Privacy Policy"},"content":{"rendered":"<div data-elementor-type=\"wp-page\" data-elementor-id=\"732\" class=\"elementor elementor-732\" data-elementor-post-type=\"page\">\n\t\t\t\t\t\t<section class=\"elementor-section elementor-top-section elementor-element elementor-element-df8e571 elementor-section-boxed elementor-section-height-default elementor-section-height-default\" data-id=\"df8e571\" data-element_type=\"section\" data-settings=\"{&quot;background_background&quot;:&quot;classic&quot;}\">\n\t\t\t\t\t\t<div class=\"elementor-container elementor-column-gap-default\">\n\t\t\t\t\t<div class=\"elementor-column elementor-col-100 elementor-top-column elementor-element elementor-element-b5592f7\" data-id=\"b5592f7\" data-element_type=\"column\">\n\t\t\t<div class=\"elementor-widget-wrap elementor-element-populated\">\n\t\t\t\t\t\t<div class=\"elementor-element elementor-element-8863a1c elementor-invisible elementor-widget elementor-widget-heading\" data-id=\"8863a1c\" data-element_type=\"widget\" data-settings=\"{&quot;_animation&quot;:&quot;fadeInLeft&quot;}\" data-widget_type=\"heading.default\">\n\t\t\t\t<div class=\"elementor-widget-container\">\n\t\t\t\t\t<h2 class=\"elementor-heading-title elementor-size-default\">Privacy Policy <\/h2>\t\t\t\t<\/div>\n\t\t\t\t<\/div>\n\t\t\t\t\t<\/div>\n\t\t<\/div>\n\t\t\t\t\t<\/div>\n\t\t<\/section>\n\t\t\t\t<section class=\"elementor-section elementor-top-section elementor-element elementor-element-6060f97 elementor-section-boxed elementor-section-height-default elementor-section-height-default\" data-id=\"6060f97\" data-element_type=\"section\">\n\t\t\t\t\t\t<div class=\"elementor-container elementor-column-gap-default\">\n\t\t\t\t\t<div class=\"elementor-column elementor-col-100 elementor-top-column elementor-element elementor-element-bea81f1\" data-id=\"bea81f1\" data-element_type=\"column\">\n\t\t\t<div class=\"elementor-widget-wrap elementor-element-populated\">\n\t\t\t\t\t\t<section class=\"elementor-section elementor-inner-section elementor-element elementor-element-1acb498 elementor-section-boxed elementor-section-height-default elementor-section-height-default\" data-id=\"1acb498\" data-element_type=\"section\">\n\t\t\t\t\t\t<div class=\"elementor-container elementor-column-gap-no\">\n\t\t\t\t\t<div class=\"elementor-column elementor-col-100 elementor-inner-column elementor-element elementor-element-2195f10 elementor-invisible\" data-id=\"2195f10\" data-element_type=\"column\" data-settings=\"{&quot;animation&quot;:&quot;fadeIn&quot;}\">\n\t\t\t<div class=\"elementor-widget-wrap elementor-element-populated\">\n\t\t\t\t\t\t<div class=\"elementor-element elementor-element-a2d9a73 elementor-widget__width-initial elementor-invisible elementor-widget elementor-widget-heading\" data-id=\"a2d9a73\" data-element_type=\"widget\" data-settings=\"{&quot;_animation&quot;:&quot;fadeInRight&quot;}\" data-widget_type=\"heading.default\">\n\t\t\t\t<div class=\"elementor-widget-container\">\n\t\t\t\t\t<h2 class=\"elementor-heading-title elementor-size-default\">Pulse Edge: <\/h2>\t\t\t\t<\/div>\n\t\t\t\t<\/div>\n\t\t\t\t<div class=\"elementor-element elementor-element-3ca9797 elementor-widget elementor-widget-text-editor\" data-id=\"3ca9797\" data-element_type=\"widget\" data-widget_type=\"text-editor.default\">\n\t\t\t\t<div class=\"elementor-widget-container\">\n\t\t\t\t\t\t\t\t\t<p><strong>INFORMATION COLLECTION<\/strong><\/p><p>We collect the information you enter from the time you register and interact with our site until the time you log out. The information requested may include your name, e-mail address and telephone number.<\/p><p>In addition, we automatically receive and record information from your computer and browser, including your IP address and the page you visit.<\/p><p><strong>USE OF INFORMATION<\/strong><\/p><p>Any information collected may be used to:<\/p><ul><li>Personalize your experience and meet your individual needs.<\/li><li>To provide customized content or advertising.<\/li><li>To improve our website.<\/li><li>To improve customer service and support needs.<\/li><li>To contact you via email.<\/li><li>To offer a promotion or survey.<\/li><\/ul><p>\u00a0<\/p><p><strong>PRIVACY<\/strong><\/p><p>We are the owners of the information collected on this site. Your personal information will not be sold, exchanged, or transferred to another company for any reason whatsoever and without consent.<\/p><p><strong>DISCLOSURE TO THIRD PARTIES<\/strong><\/p><p>We do not sell, trade, or otherwise transfer to outside parties your personally identifiable information. This does not include trusted third parties who assist us in operating our website, or who handle our information, so long as those parties agree to keep this information confidential.<\/p><p>We believe it is necessary to share information in order to investigate, prevent or take action regarding illegal activities, suspected fraud, situations involving potential threats to the physical safety of any person, violations of the terms of use, or when required by law.<\/p><p>Non-personal information, however, may be provided to third parties for marketing, advertising, or other uses previously authorized.<\/p><p><strong>PROTECTION OF INFORMATION<\/strong><\/p><p>We implement a variety of security measures to safeguard the security of your personal information.<\/p><p>We use state-of-the-art technology to protect sensitive information transmitted online.<\/p><p>We also protect your information offline. Only employees who need to perform a specific job (for example, billing or customer service) are granted access to personally identifiable information. Computers and servers used to store personally identifiable information are kept in a secure environment.<\/p><p><strong>\u00a0<\/strong><strong>DO WE USE COOKIES?<\/strong><\/p><p>Yes, our cookies enhance access to our site and identify regular visitors. In addition, our cookies enhance the user experience by monitoring and targeting your interests.<\/p><p>However, this use of cookies is in no way linked to personally identifiable information on our site.<\/p><p><strong>UNSUBSCRIBE<\/strong><\/p><p>We use the email address you provide to send you information and updates, from time to time news, related product information, etc.<\/p><p>If at any time you wish to unsubscribe and stop receiving emails, there are detailed unsubscribe instructions included at the bottom of each email.<\/p><p><strong>CONSENT<\/strong><\/p><p>By using our site you consent to our privacy policy.<\/p><p>Contact<\/p><p>Address: Panama City, Bethania, Ricardo J. Alfaro Ave., Century Tower, Floor 18, Office 18-01.<\/p><p>E-mail: info@pulse-edge.com<\/p>\t\t\t\t\t\t\t\t<\/div>\n\t\t\t\t<\/div>\n\t\t\t\t<div class=\"elementor-element elementor-element-afbbcc6 elementor-align-left elementor-invisible elementor-widget elementor-widget-button\" data-id=\"afbbcc6\" data-element_type=\"widget\" data-settings=\"{&quot;_animation&quot;:&quot;fadeInRight&quot;}\" data-widget_type=\"button.default\">\n\t\t\t\t<div class=\"elementor-widget-container\">\n\t\t\t\t\t\t\t\t\t<div class=\"elementor-button-wrapper\">\n\t\t\t\t\t<a class=\"elementor-button elementor-button-link elementor-size-sm elementor-animation-float\" href=\"https:\/\/pulse-edge.com\/en\/\">\n\t\t\t\t\t\t<span class=\"elementor-button-content-wrapper\">\n\t\t\t\t\t\t\t\t\t<span class=\"elementor-button-text\">Go to Home <\/span>\n\t\t\t\t\t<\/span>\n\t\t\t\t\t<\/a>\n\t\t\t\t<\/div>\n\t\t\t\t\t\t\t\t<\/div>\n\t\t\t\t<\/div>\n\t\t\t\t\t<\/div>\n\t\t<\/div>\n\t\t\t\t\t<\/div>\n\t\t<\/section>\n\t\t\t\t\t<\/div>\n\t\t<\/div>\n\t\t\t\t\t<\/div>\n\t\t<\/section>\n\t\t\t\t<\/div>","protected":false},"excerpt":{"rendered":"<p>POL\u00cdTICA DE Privacidad Pulse Edge: RECOPILACION DE LA INFORMACION Recuperamos la informaci\u00f3n que usted registra desde el momento en que inscribe sus datos e interact\u00faa en nuestro sitio hasta el momento en que cierra sesi\u00f3n. La informaci\u00f3n requerida puede incluir su nombre, direcci\u00f3n de correo electr\u00f3nico y n\u00famero telef\u00f3nico. Adicional a ello, recibimos y registramos [&hellip;]<\/p>","protected":false},"author":3,"featured_media":0,"parent":0,"menu_order":0,"comment_status":"closed","ping_status":"closed","template":"","meta":{"footnotes":""},"class_list":["post-732","page","type-page","status-publish","hentry"],"aioseo_notices":[],"_links":{"self":[{"href":"https:\/\/pulse-edge.com\/en\/wp-json\/wp\/v2\/pages\/732","targetHints":{"allow":["GET"]}}],"collection":[{"href":"https:\/\/pulse-edge.com\/en\/wp-json\/wp\/v2\/pages"}],"about":[{"href":"https:\/\/pulse-edge.com\/en\/wp-json\/wp\/v2\/types\/page"}],"author":[{"embeddable":true,"href":"https:\/\/pulse-edge.com\/en\/wp-json\/wp\/v2\/users\/3"}],"replies":[{"embeddable":true,"href":"https:\/\/pulse-edge.com\/en\/wp-json\/wp\/v2\/comments?post=732"}],"version-history":[{"count":16,"href":"https:\/\/pulse-edge.com\/en\/wp-json\/wp\/v2\/pages\/732\/revisions"}],"predecessor-version":[{"id":783,"href":"https:\/\/pulse-edge.com\/en\/wp-json\/wp\/v2\/pages\/732\/revisions\/783"}],"wp:attachment":[{"href":"https:\/\/pulse-edge.com\/en\/wp-json\/wp\/v2\/media?parent=732"}],"curies":[{"name":"wp","href":"https:\/\/api.w.org\/{rel}","templated":true}]}}